{"id":2610,"date":"2022-10-31T09:22:20","date_gmt":"2022-10-31T08:22:20","guid":{"rendered":"https:\/\/www.lesterrassesdedordogne.com\/tourisme-rouffignac\/"},"modified":"2022-12-07T09:30:49","modified_gmt":"2022-12-07T08:30:49","slug":"tourism-rouffignac","status":"publish","type":"page","link":"https:\/\/www.lesterrassesdedordogne.com\/en\/tourism-rouffignac\/","title":{"rendered":"The village of Rouffignac"},"content":{"rendered":"<section id=\"ls-section-block_03753ea86cb2035c895c27763ecf12fa\" class=\"ls-section  page-intro has-p-t p-t-14 has-p-b p-b-14\" >\r\n        <div class=\"container container--wide\">\r\n        \n\n<h1 class=\"ls__heading has-text-align-center has-p-b p-b-8 petite-feuille animated fadeInUp delay-200ms slow wp-block-heading\">Visit Rouffignac<\/h1>\n\n\n\n<div class=\"wp-block-columns columns-parent is-layout-flex wp-container-core-columns-is-layout-9d6595d7 wp-block-columns-is-layout-flex\">\n<div class=\"wp-block-column left is-layout-flow wp-block-column-is-layout-flow\">\n<h2 class=\"ls-heading wp-block-heading\">Rouffignac, a pretty village to visit<\/h2>\n\n\n\n<p class=\"ls-paragraph\">Staying at the <a href=\"\/en\/\">Les Terrasses de Dordogne campsite<\/a> in the commune of <a href=\"http:\/\/rouffignac-perigordnoir.fr\">Rouffignac-Saint Cernin de Reilhac<\/a> is situated on the heights of the Grand Site de France Vall\u00e9e de la V\u00e9z\u00e8re, the 20th classified <strong>Grand Site de France<\/strong>. This vast commune of the <strong>P\u00e9rigord <\/strong>Noir is located on the highest hills of the Dordogne. Densely wooded, here lies the legendary Barade forest where the <strong>story of Jacquou le Croquant<\/strong> was written.<\/p>\n\n\n\n<p class=\"ls-paragraph\">Rouffignac is located on the P\u00e9rigueux-Sarlat axis, in the heart of an exceptional natural environment. It is an ideal base for visiting the most beautiful sites of the P\u00e9rigord.<\/p>\n\n\n\n<div class=\"wp-block-columns columns-child has-p-t p-t-4 animated slideInLeft delay-200ms slow is-layout-flex wp-container-core-columns-is-layout-9d6595d7 wp-block-columns-is-layout-flex\">\n<div class=\"wp-block-column is-layout-flow wp-block-column-is-layout-flow\">\n<figure class=\"wp-block-image size-full\"><a href=\"https:\/\/www.lesterrassesdedordogne.com\/wp-content\/uploads\/2022\/11\/activite-famille-rouffignac.jpg\"><img decoding=\"async\" width=\"900\" height=\"600\" src=\"https:\/\/www.lesterrassesdedordogne.com\/wp-content\/uploads\/2022\/11\/activite-famille-rouffignac.jpg\" alt=\"activite famille rouffignac\" class=\"wp-image-1472\" srcset=\"https:\/\/www.lesterrassesdedordogne.com\/wp-content\/uploads\/2022\/11\/activite-famille-rouffignac.jpg 900w, https:\/\/www.lesterrassesdedordogne.com\/wp-content\/uploads\/2022\/11\/activite-famille-rouffignac-300x200.jpg 300w, https:\/\/www.lesterrassesdedordogne.com\/wp-content\/uploads\/2022\/11\/activite-famille-rouffignac-768x512.jpg 768w\" sizes=\"(max-width: 900px) 100vw, 900px\" \/><\/a><\/figure>\n<\/div>\n\n\n\n<div class=\"wp-block-column is-layout-flow wp-block-column-is-layout-flow\">\n<figure class=\"wp-block-image size-full\"><a href=\"https:\/\/www.lesterrassesdedordogne.com\/wp-content\/uploads\/2022\/11\/que-faire-rouffignac.jpg\"><img decoding=\"async\" width=\"720\" height=\"480\" src=\"https:\/\/www.lesterrassesdedordogne.com\/wp-content\/uploads\/2022\/11\/que-faire-rouffignac.jpg\" alt=\"que faire rouffignac\" class=\"wp-image-1478\" srcset=\"https:\/\/www.lesterrassesdedordogne.com\/wp-content\/uploads\/2022\/11\/que-faire-rouffignac.jpg 720w, https:\/\/www.lesterrassesdedordogne.com\/wp-content\/uploads\/2022\/11\/que-faire-rouffignac-300x200.jpg 300w\" sizes=\"(max-width: 720px) 100vw, 720px\" \/><\/a><\/figure>\n<\/div>\n<\/div>\n<\/div>\n\n\n\n<div class=\"wp-block-column right vagues is-layout-flow wp-block-column-is-layout-flow\">\n<figure class=\"wp-block-image size-full animated slideInRight delay-200ms slow\"><a href=\"https:\/\/www.lesterrassesdedordogne.com\/wp-content\/uploads\/2022\/11\/vacances-rouffignac.jpg\"><img decoding=\"async\" width=\"720\" height=\"480\" src=\"https:\/\/www.lesterrassesdedordogne.com\/wp-content\/uploads\/2022\/11\/vacances-rouffignac.jpg\" alt=\"vacances rouffignac\" class=\"wp-image-1490\" srcset=\"https:\/\/www.lesterrassesdedordogne.com\/wp-content\/uploads\/2022\/11\/vacances-rouffignac.jpg 720w, https:\/\/www.lesterrassesdedordogne.com\/wp-content\/uploads\/2022\/11\/vacances-rouffignac-300x200.jpg 300w\" sizes=\"(max-width: 720px) 100vw, 720px\" \/><\/a><\/figure>\n\n\n\n<p class=\"ls-paragraph\">As the gateway to the Vall\u00e9e de l&#8217;Homme, the cradle of prehistory, the commune is home to a magnificent original cave, known as the &#8220;Hundred Mammoths&#8221;, whose cave drawings can be dated to the Magdalenian period. The Ch\u00e2teau de l&#8217;Herm also bears witness to its <strong>medieval past<\/strong>.<\/p>\n<\/div>\n<\/div>\n\n\r\n    <\/div>\r\n<\/section>\n\n<section id=\"ls-section-block_c0b0e45e5bea177c9a660374ab508e9b\" class=\"ls-section  page-parallax has-background-image has-parallax has-background has-color-1-background-color has-p-t p-t-14 has-p-b p-b-14\" >\r\n    <div class=\"ls-section__background-image opacity-30\"><img decoding=\"async\" src=\"https:\/\/www.lesterrassesdedordogne.com\/wp-content\/uploads\/2022\/11\/quoi-fair-rouffignac.jpg\" alt=\"quoi faire rouffignac\"><\/div>    <div class=\"container \">\r\n        \n\n<h2 class=\"ls__heading has-text-align-center has-color-white-color has-text-color wp-block-heading\">Things to do in Rouffignac<\/h2>\n\n\n\n<p class=\"ls-paragraph has-text-align-center has-color-white-color has-text-color\">You can also visit the Renaissance church of the 16th century, the only vestige of the village rebuilt after the fire of 31 March 1944 during the Second World War. A memorial area recalls the events and explains the particular architecture of the village.<\/p>\n\n\r\n    <\/div>\r\n<\/section>\n\n<section id=\"ls-section-block_fb2085445e179e8b98f2689e8e850c6f\" class=\"ls-section  page-one has-p-t p-t-14 has-p-b p-b-14\" >\r\n        <div class=\"container container--wide\">\r\n        \n\n<div class=\"wp-block-columns is-layout-flex wp-container-core-columns-is-layout-9d6595d7 wp-block-columns-is-layout-flex\">\n<div class=\"wp-block-column first is-layout-flow wp-block-column-is-layout-flow\">\n<h2 class=\"ls-heading wp-block-heading\">Your family activities in Rouffignac<\/h2>\n\n\n\n<p class=\"ls-paragraph\">An ideal playground for nature lovers, a large network of marked footpaths and <strong>mountain bike trails run<\/strong> through the commune, linking the main attractions, accommodation and services.<\/p>\n\n\n\n<p class=\"ls-paragraph\">The reputation of the <strong>Sunday morning markets<\/strong> and the summer gourmet night markets complements the attractive offer of farm producers, restaurants and local shops.<\/p>\n\n\n\n<p class=\"ls-paragraph\">The wide range of accommodation allows you to stay in a natural and authentic environment in the countryside, close to the prehistoric sites of the Cro-Magnon country, such as Lascaux or Les Eyzies, and the numerous castles of the Dordogne valley. The area also offers many sporting, cultural and outdoor activities.<\/p>\n\n\n\n<figure class=\"wp-block-image size-full animated slideInRight delay-200ms slow\"><a href=\"https:\/\/www.lesterrassesdedordogne.com\/wp-content\/uploads\/2022\/11\/tourisme-rouffignac-dordogne.jpg\"><img decoding=\"async\" width=\"720\" height=\"480\" src=\"https:\/\/www.lesterrassesdedordogne.com\/wp-content\/uploads\/2022\/11\/tourisme-rouffignac-dordogne.jpg\" alt=\"tourisme rouffignac dordogne\" class=\"wp-image-1487\" srcset=\"https:\/\/www.lesterrassesdedordogne.com\/wp-content\/uploads\/2022\/11\/tourisme-rouffignac-dordogne.jpg 720w, https:\/\/www.lesterrassesdedordogne.com\/wp-content\/uploads\/2022\/11\/tourisme-rouffignac-dordogne-300x200.jpg 300w\" sizes=\"(max-width: 720px) 100vw, 720px\" \/><\/a><\/figure>\n<\/div>\n\n\n\n<div class=\"wp-block-column second vagues is-layout-flow wp-block-column-is-layout-flow\">\n<figure class=\"wp-block-image size-full animated slideInLeft delay-200ms slow\"><img decoding=\"async\" width=\"720\" height=\"480\" src=\"https:\/\/www.lesterrassesdedordogne.com\/wp-content\/uploads\/2022\/11\/visite-rouffignac.jpg\" alt=\"visite rouffignac\" class=\"wp-image-1493\" srcset=\"https:\/\/www.lesterrassesdedordogne.com\/wp-content\/uploads\/2022\/11\/visite-rouffignac.jpg 720w, https:\/\/www.lesterrassesdedordogne.com\/wp-content\/uploads\/2022\/11\/visite-rouffignac-300x200.jpg 300w\" sizes=\"(max-width: 720px) 100vw, 720px\" \/><\/figure>\n\n\n\n<p class=\"ls-paragraph\">Looking for a green holiday in wide open spaces? In Rouffignac-Saint Cernin, take advantage of a gentle interlude between discovering the environment and the land, for a holiday in harmony with nature.<\/p>\n\n\n\n<p class=\"ls-paragraph\">Since the end of 2021, the commune has been awarded the &#8220;<strong>Station Verte<\/strong>&#8221; label, rewarding the various actions of preservation and enhancement of the heritage and eco-tourism. To learn more about this label, you can visit the website of Station Verte by clicking here<\/p>\n<\/div>\n<\/div>\n\n\r\n    <\/div>\r\n<\/section>\n\n<section id=\"ls-section-block_9dd3102999c5999abdf38eca512688c6\" class=\"ls-section  page-maillage has-p-t p-t-14 has-p-b p-b-14\" >\r\n        <div class=\"container container--wide\">\r\n        \n\n<div id=\"ls-heading ls-titre-div-block_757a6b1be5ec8a65e71cf5d3b9c59f89\" class=\"ls-titre-div has-p-b p-b-4 aligncenter h2-like\" >\n    Discover the castles, the Perigord <\/br>and the surroundings of our campsite<\/div>\n\n\n<div id=\"ls-maillage-block_2c0e3944c70e4a6d041629a1ca8b74e0\" class=\"ls-maillage cta-style-normal\" data-rows=\"3\">\r\n    <div class=\"wp-block-columns\"><div class=\"wp-block-column\">\n\n<a href=\"https:\/\/www.lesterrassesdedordogne.com\/en\/tourism-castles-caves-dordogne\/\" target=\"\" rel=\"noopener\" class=\"ls-cta__link\" data-categ=\"\">\n\t<div class=\"ls-cta__image\"><img decoding=\"async\" src=\"https:\/\/www.lesterrassesdedordogne.com\/wp-content\/uploads\/2022\/11\/grotte-prehistoire-dordogne.jpg\" alt=\"tourisme-chateau-dordogne\"><\/div>\n\t<div class=\"ls-cta__title\">\n\t\tCaves &#038; castles\t<\/div>\n\n\t<\/a><\/div><div class=\"wp-block-column\">\n\n<a href=\"https:\/\/www.lesterrassesdedordogne.com\/en\/tourism-park-gardens-dordogne\/\" target=\"\" rel=\"noopener\" class=\"ls-cta__link\" data-categ=\"\">\n\t<div class=\"ls-cta__image\"><img decoding=\"async\" src=\"https:\/\/www.lesterrassesdedordogne.com\/wp-content\/uploads\/2022\/11\/jardin-deyrignac.jpg\" alt=\"jardin eyrignac\"><\/div>\n\t<div class=\"ls-cta__title\">\n\t\tParks and gardens\t<\/div>\n\n\t<\/a><\/div><div class=\"wp-block-column\">\n\n<a href=\"https:\/\/www.lesterrassesdedordogne.com\/en\/tourism-perigord\/\" target=\"\" rel=\"noopener\" class=\"ls-cta__link\" data-categ=\"\">\n\t<div class=\"ls-cta__image\"><img decoding=\"async\" src=\"https:\/\/www.lesterrassesdedordogne.com\/wp-content\/uploads\/2022\/11\/perigueux.jpg\" alt=\"p\u00e9rigueux\"><\/div>\n\t<div class=\"ls-cta__title\">\n\t\tPerigord and its villages\t<\/div>\n\n\t<\/a><\/div><\/div><\/div>\n\r\n    <\/div>\r\n<\/section>","protected":false},"excerpt":{"rendered":"","protected":false},"author":1,"featured_media":1477,"parent":0,"menu_order":0,"comment_status":"closed","ping_status":"closed","template":"","meta":{"_acf_changed":false,"footnotes":""},"sujet":[],"class_list":["post-2610","page","type-page","status-publish","has-post-thumbnail","hentry"],"acf":[],"yoast_head":"<!-- This site is optimized with the Yoast SEO plugin v25.3 - https:\/\/yoast.com\/wordpress\/plugins\/seo\/ -->\n<title>Tourism and activities to do in Rouffignac | Holidays in Rouffignac<\/title>\n<meta name=\"robots\" content=\"index, follow, max-snippet:-1, max-image-preview:large, max-video-preview:-1\" \/>\n<link rel=\"canonical\" href=\"https:\/\/www.lesterrassesdedordogne.com\/en\/tourism-rouffignac\/\" \/>\n<meta property=\"og:locale\" content=\"en_US\" \/>\n<meta property=\"og:type\" content=\"article\" \/>\n<meta property=\"og:title\" content=\"Tourism and activities to do in Rouffignac | Holidays in Rouffignac\" \/>\n<meta property=\"og:url\" content=\"https:\/\/www.lesterrassesdedordogne.com\/en\/tourism-rouffignac\/\" \/>\n<meta property=\"og:site_name\" content=\"Les Terrasses de Dordogne\" \/>\n<meta property=\"article:modified_time\" content=\"2022-12-07T08:30:49+00:00\" \/>\n<meta property=\"og:image\" content=\"https:\/\/www.lesterrassesdedordogne.com\/wp-content\/uploads\/2022\/11\/activites-rouffignac.jpg\" \/>\n\t<meta property=\"og:image:width\" content=\"1900\" \/>\n\t<meta property=\"og:image:height\" content=\"750\" \/>\n\t<meta property=\"og:image:type\" content=\"image\/jpeg\" \/>\n<meta name=\"twitter:card\" content=\"summary_large_image\" \/>\n<meta name=\"twitter:label1\" content=\"Est. reading time\" \/>\n\t<meta name=\"twitter:data1\" content=\"3 minutes\" \/>\n<script type=\"application\/ld+json\" class=\"yoast-schema-graph\">{\"@context\":\"https:\/\/schema.org\",\"@graph\":[{\"@type\":\"WebPage\",\"@id\":\"https:\/\/www.lesterrassesdedordogne.com\/en\/tourism-rouffignac\/\",\"url\":\"https:\/\/www.lesterrassesdedordogne.com\/en\/tourism-rouffignac\/\",\"name\":\"Tourism and activities to do in Rouffignac | Holidays in Rouffignac\",\"isPartOf\":{\"@id\":\"https:\/\/www.lesterrassesdedordogne.com\/en\/#website\"},\"primaryImageOfPage\":{\"@id\":\"https:\/\/www.lesterrassesdedordogne.com\/en\/tourism-rouffignac\/#primaryimage\"},\"image\":{\"@id\":\"https:\/\/www.lesterrassesdedordogne.com\/en\/tourism-rouffignac\/#primaryimage\"},\"thumbnailUrl\":\"https:\/\/www.lesterrassesdedordogne.com\/wp-content\/uploads\/2022\/11\/activites-rouffignac.jpg\",\"datePublished\":\"2022-10-31T08:22:20+00:00\",\"dateModified\":\"2022-12-07T08:30:49+00:00\",\"breadcrumb\":{\"@id\":\"https:\/\/www.lesterrassesdedordogne.com\/en\/tourism-rouffignac\/#breadcrumb\"},\"inLanguage\":\"en-US\",\"potentialAction\":[{\"@type\":\"ReadAction\",\"target\":[\"https:\/\/www.lesterrassesdedordogne.com\/en\/tourism-rouffignac\/\"]}]},{\"@type\":\"ImageObject\",\"inLanguage\":\"en-US\",\"@id\":\"https:\/\/www.lesterrassesdedordogne.com\/en\/tourism-rouffignac\/#primaryimage\",\"url\":\"https:\/\/www.lesterrassesdedordogne.com\/wp-content\/uploads\/2022\/11\/activites-rouffignac.jpg\",\"contentUrl\":\"https:\/\/www.lesterrassesdedordogne.com\/wp-content\/uploads\/2022\/11\/activites-rouffignac.jpg\",\"width\":1900,\"height\":750,\"caption\":\"activites rouffignac\"},{\"@type\":\"BreadcrumbList\",\"@id\":\"https:\/\/www.lesterrassesdedordogne.com\/en\/tourism-rouffignac\/#breadcrumb\",\"itemListElement\":[{\"@type\":\"ListItem\",\"position\":1,\"name\":\"Les Terrasses de Dordogne\",\"item\":\"https:\/\/www.lesterrassesdedordogne.com\/en\/\"},{\"@type\":\"ListItem\",\"position\":2,\"name\":\"Things to do in Rouffignac\"}]},{\"@type\":\"WebSite\",\"@id\":\"https:\/\/www.lesterrassesdedordogne.com\/en\/#website\",\"url\":\"https:\/\/www.lesterrassesdedordogne.com\/en\/\",\"name\":\"Les Terrasses de Dordogne\",\"description\":\"\",\"publisher\":{\"@id\":\"https:\/\/www.lesterrassesdedordogne.com\/en\/#organization\"},\"potentialAction\":[{\"@type\":\"SearchAction\",\"target\":{\"@type\":\"EntryPoint\",\"urlTemplate\":\"https:\/\/www.lesterrassesdedordogne.com\/en\/?s={search_term_string}\"},\"query-input\":{\"@type\":\"PropertyValueSpecification\",\"valueRequired\":true,\"valueName\":\"search_term_string\"}}],\"inLanguage\":\"en-US\"},{\"@type\":\"Organization\",\"@id\":\"https:\/\/www.lesterrassesdedordogne.com\/en\/#organization\",\"name\":\"Les Terrasses de Dordogne\",\"url\":\"https:\/\/www.lesterrassesdedordogne.com\/en\/\",\"logo\":{\"@type\":\"ImageObject\",\"inLanguage\":\"en-US\",\"@id\":\"https:\/\/www.lesterrassesdedordogne.com\/en\/#\/schema\/logo\/image\/\",\"url\":\"https:\/\/www.lesterrassesdedordogne.com\/wp-content\/uploads\/2022\/11\/favicon-2.png\",\"contentUrl\":\"https:\/\/www.lesterrassesdedordogne.com\/wp-content\/uploads\/2022\/11\/favicon-2.png\",\"width\":195,\"height\":195,\"caption\":\"Les Terrasses de Dordogne\"},\"image\":{\"@id\":\"https:\/\/www.lesterrassesdedordogne.com\/en\/#\/schema\/logo\/image\/\"}}]}<\/script>\n<!-- \/ Yoast SEO plugin. -->","yoast_head_json":{"title":"Tourism and activities to do in Rouffignac | Holidays in Rouffignac","robots":{"index":"index","follow":"follow","max-snippet":"max-snippet:-1","max-image-preview":"max-image-preview:large","max-video-preview":"max-video-preview:-1"},"canonical":"https:\/\/www.lesterrassesdedordogne.com\/en\/tourism-rouffignac\/","og_locale":"en_US","og_type":"article","og_title":"Tourism and activities to do in Rouffignac | Holidays in Rouffignac","og_url":"https:\/\/www.lesterrassesdedordogne.com\/en\/tourism-rouffignac\/","og_site_name":"Les Terrasses de Dordogne","article_modified_time":"2022-12-07T08:30:49+00:00","og_image":[{"width":1900,"height":750,"url":"https:\/\/www.lesterrassesdedordogne.com\/wp-content\/uploads\/2022\/11\/activites-rouffignac.jpg","type":"image\/jpeg"}],"twitter_card":"summary_large_image","twitter_misc":{"Est. reading time":"3 minutes"},"schema":{"@context":"https:\/\/schema.org","@graph":[{"@type":"WebPage","@id":"https:\/\/www.lesterrassesdedordogne.com\/en\/tourism-rouffignac\/","url":"https:\/\/www.lesterrassesdedordogne.com\/en\/tourism-rouffignac\/","name":"Tourism and activities to do in Rouffignac | Holidays in Rouffignac","isPartOf":{"@id":"https:\/\/www.lesterrassesdedordogne.com\/en\/#website"},"primaryImageOfPage":{"@id":"https:\/\/www.lesterrassesdedordogne.com\/en\/tourism-rouffignac\/#primaryimage"},"image":{"@id":"https:\/\/www.lesterrassesdedordogne.com\/en\/tourism-rouffignac\/#primaryimage"},"thumbnailUrl":"https:\/\/www.lesterrassesdedordogne.com\/wp-content\/uploads\/2022\/11\/activites-rouffignac.jpg","datePublished":"2022-10-31T08:22:20+00:00","dateModified":"2022-12-07T08:30:49+00:00","breadcrumb":{"@id":"https:\/\/www.lesterrassesdedordogne.com\/en\/tourism-rouffignac\/#breadcrumb"},"inLanguage":"en-US","potentialAction":[{"@type":"ReadAction","target":["https:\/\/www.lesterrassesdedordogne.com\/en\/tourism-rouffignac\/"]}]},{"@type":"ImageObject","inLanguage":"en-US","@id":"https:\/\/www.lesterrassesdedordogne.com\/en\/tourism-rouffignac\/#primaryimage","url":"https:\/\/www.lesterrassesdedordogne.com\/wp-content\/uploads\/2022\/11\/activites-rouffignac.jpg","contentUrl":"https:\/\/www.lesterrassesdedordogne.com\/wp-content\/uploads\/2022\/11\/activites-rouffignac.jpg","width":1900,"height":750,"caption":"activites rouffignac"},{"@type":"BreadcrumbList","@id":"https:\/\/www.lesterrassesdedordogne.com\/en\/tourism-rouffignac\/#breadcrumb","itemListElement":[{"@type":"ListItem","position":1,"name":"Les Terrasses de Dordogne","item":"https:\/\/www.lesterrassesdedordogne.com\/en\/"},{"@type":"ListItem","position":2,"name":"Things to do in Rouffignac"}]},{"@type":"WebSite","@id":"https:\/\/www.lesterrassesdedordogne.com\/en\/#website","url":"https:\/\/www.lesterrassesdedordogne.com\/en\/","name":"Les Terrasses de Dordogne","description":"","publisher":{"@id":"https:\/\/www.lesterrassesdedordogne.com\/en\/#organization"},"potentialAction":[{"@type":"SearchAction","target":{"@type":"EntryPoint","urlTemplate":"https:\/\/www.lesterrassesdedordogne.com\/en\/?s={search_term_string}"},"query-input":{"@type":"PropertyValueSpecification","valueRequired":true,"valueName":"search_term_string"}}],"inLanguage":"en-US"},{"@type":"Organization","@id":"https:\/\/www.lesterrassesdedordogne.com\/en\/#organization","name":"Les Terrasses de Dordogne","url":"https:\/\/www.lesterrassesdedordogne.com\/en\/","logo":{"@type":"ImageObject","inLanguage":"en-US","@id":"https:\/\/www.lesterrassesdedordogne.com\/en\/#\/schema\/logo\/image\/","url":"https:\/\/www.lesterrassesdedordogne.com\/wp-content\/uploads\/2022\/11\/favicon-2.png","contentUrl":"https:\/\/www.lesterrassesdedordogne.com\/wp-content\/uploads\/2022\/11\/favicon-2.png","width":195,"height":195,"caption":"Les Terrasses de Dordogne"},"image":{"@id":"https:\/\/www.lesterrassesdedordogne.com\/en\/#\/schema\/logo\/image\/"}}]}},"_links":{"self":[{"href":"https:\/\/www.lesterrassesdedordogne.com\/en\/wp-json\/wp\/v2\/pages\/2610","targetHints":{"allow":["GET"]}}],"collection":[{"href":"https:\/\/www.lesterrassesdedordogne.com\/en\/wp-json\/wp\/v2\/pages"}],"about":[{"href":"https:\/\/www.lesterrassesdedordogne.com\/en\/wp-json\/wp\/v2\/types\/page"}],"author":[{"embeddable":true,"href":"https:\/\/www.lesterrassesdedordogne.com\/en\/wp-json\/wp\/v2\/users\/1"}],"replies":[{"embeddable":true,"href":"https:\/\/www.lesterrassesdedordogne.com\/en\/wp-json\/wp\/v2\/comments?post=2610"}],"version-history":[{"count":5,"href":"https:\/\/www.lesterrassesdedordogne.com\/en\/wp-json\/wp\/v2\/pages\/2610\/revisions"}],"predecessor-version":[{"id":3282,"href":"https:\/\/www.lesterrassesdedordogne.com\/en\/wp-json\/wp\/v2\/pages\/2610\/revisions\/3282"}],"wp:featuredmedia":[{"embeddable":true,"href":"https:\/\/www.lesterrassesdedordogne.com\/en\/wp-json\/wp\/v2\/media\/1477"}],"wp:attachment":[{"href":"https:\/\/www.lesterrassesdedordogne.com\/en\/wp-json\/wp\/v2\/media?parent=2610"}],"wp:term":[{"taxonomy":"sujet","embeddable":true,"href":"https:\/\/www.lesterrassesdedordogne.com\/en\/wp-json\/wp\/v2\/sujet?post=2610"}],"curies":[{"name":"wp","href":"https:\/\/api.w.org\/{rel}","templated":true}]}}