{"id":2692,"date":"2022-10-31T09:22:34","date_gmt":"2022-10-31T08:22:34","guid":{"rendered":"https:\/\/www.lesterrassesdedordogne.com\/tourisme-perigord\/"},"modified":"2022-12-07T11:22:55","modified_gmt":"2022-12-07T10:22:55","slug":"tourism-perigord","status":"publish","type":"page","link":"https:\/\/www.lesterrassesdedordogne.com\/en\/tourism-perigord\/","title":{"rendered":"Perigord and its villages"},"content":{"rendered":"<section id=\"ls-section-block_0c21763ce6cabf1ac29aadb56dae140e\" class=\"ls-section  has-m-b m-b-0\" >\r\n        <div class=\"container \">\r\n        \n\n<h1 class=\"ls__heading has-text-align-center has-p-b p-b-8 petite-feuille animated fadeInUp delay-200ms slow wp-block-heading\">Your unique stay in the P\u00e9rigord<\/h1>\n\n\r\n    <\/div>\r\n<\/section>\n\n<section id=\"ls-section-block_ac65f9eacea3828d2046026215cb0ee4\" class=\"ls-section  page-intro has-p-t p-t-0 has-p-b p-b-14\" >\r\n        <div class=\"container container--wide\">\r\n        \n\n<div class=\"wp-block-columns columns-parent is-layout-flex wp-container-core-columns-is-layout-9d6595d7 wp-block-columns-is-layout-flex\">\n<div class=\"wp-block-column left is-layout-flow wp-block-column-is-layout-flow\">\n<h2 class=\"ls-heading wp-block-heading\">Discover Sarlat<\/h2>\n\n\n\n<p class=\"ls-paragraph\"><a href=\"https:\/\/en.sarlat-tourisme.com\/\">Sarlat<\/a>, the unmissable medieval city located between the valleys of the Dordogne and V\u00e9z\u00e8re rivers. Visit the Church of Sainte Marie and its panoramic lift which offers a 360\u00b0 view of the town. Many restaurants and events make this town very lively all year round.<\/p>\n\n\n\n<figure class=\"wp-block-image size-full animated slideInLeft delay-200ms slow\"><a href=\"https:\/\/www.lesterrassesdedordogne.com\/wp-content\/uploads\/2022\/11\/sarlat.jpg\"><img decoding=\"async\" width=\"720\" height=\"480\" src=\"https:\/\/www.lesterrassesdedordogne.com\/wp-content\/uploads\/2022\/11\/sarlat.jpg\" alt=\"sarlat\" class=\"wp-image-1950\" srcset=\"https:\/\/www.lesterrassesdedordogne.com\/wp-content\/uploads\/2022\/11\/sarlat.jpg 720w, https:\/\/www.lesterrassesdedordogne.com\/wp-content\/uploads\/2022\/11\/sarlat-300x200.jpg 300w\" sizes=\"(max-width: 720px) 100vw, 720px\" \/><\/a><\/figure>\n<\/div>\n\n\n\n<div class=\"wp-block-column right is-layout-flow wp-block-column-is-layout-flow\">\n<figure class=\"wp-block-image size-full animated slideInRight delay-200ms slow\"><a href=\"https:\/\/www.lesterrassesdedordogne.com\/wp-content\/uploads\/2022\/11\/perigueux.jpg\"><img decoding=\"async\" width=\"720\" height=\"480\" src=\"https:\/\/www.lesterrassesdedordogne.com\/wp-content\/uploads\/2022\/11\/perigueux.jpg\" alt=\"p\u00e9rigueux\" class=\"wp-image-1944\" srcset=\"https:\/\/www.lesterrassesdedordogne.com\/wp-content\/uploads\/2022\/11\/perigueux.jpg 720w, https:\/\/www.lesterrassesdedordogne.com\/wp-content\/uploads\/2022\/11\/perigueux-300x200.jpg 300w\" sizes=\"(max-width: 720px) 100vw, 720px\" \/><\/a><\/figure>\n\n\n\n<h2 class=\"ls-heading wp-block-heading\">Visit P\u00e9rigueux<\/h2>\n\n\n\n<p class=\"ls-paragraph\"><a href=\"https:\/\/perigueux.fr\/\">P\u00e9rigueux<\/a> is the capital of P\u00e9rigord, with its 44 listed or classified historic buildings and its many festivals. From the Gallo-Roman era to the Renaissance, you will discover 2000 years of history. Many festivals punctuate a busy calendar of events.<\/p>\n<\/div>\n<\/div>\n\n\r\n    <\/div>\r\n<\/section>\n\n<section id=\"ls-section-block_087bf701ca449047e0c42387eacbe26d\" class=\"ls-section  page-parallax has-background-image has-parallax has-background has-color-1-background-color has-p-t p-t-14 has-p-b p-b-14\" >\r\n    <div class=\"ls-section__background-image opacity-30\"><img decoding=\"async\" src=\"https:\/\/www.lesterrassesdedordogne.com\/wp-content\/uploads\/2022\/11\/bergerac.jpg\" alt=\"bergerac\"><\/div>    <div class=\"container \">\r\n        \n\n<h2 class=\"ls__heading has-text-align-center has-color-white-color has-text-color wp-block-heading\">Your stay near Bergerac<\/h2>\n\n\n\n<p class=\"ls-paragraph has-text-align-center has-color-white-color has-text-color\"><a href=\"https:\/\/www.bergerac.fr\/\">Bergerac<\/a>, located in the west of the department, is bordered by the Dordogne and surrounded by vineyards. Its history is directly linked to these two elements with the wine trade and river transport thanks to the famous barges. The town is home to many museums and since 1985 has been labelled a Town of Art and History.<\/p>\n\n\r\n    <\/div>\r\n<\/section>\n\n<section id=\"ls-section-block_533a6d991087d8209bb13f0559e3f544\" class=\"ls-section  page-one has-p-t p-t-14 has-p-b p-b-14\" >\r\n        <div class=\"container container--wide\">\r\n        \n\n<div class=\"wp-block-columns is-layout-flex wp-container-core-columns-is-layout-9d6595d7 wp-block-columns-is-layout-flex\">\n<div class=\"wp-block-column first is-layout-flow wp-block-column-is-layout-flow\">\n<h2 class=\"ls-heading wp-block-heading\">Tourism in Les Eyzies<\/h2>\n\n\n\n<p class=\"ls-paragraph\">Nestled in a cliff setting on the banks of the V\u00e9z\u00e8re, the village of Les <a href=\"https:\/\/www.leseyzies.fr\/\">Eyzies<\/a> is the capital of prehistory. It offers a wide choice of caves and prehistoric sites. The Pole International de la Pr\u00e9histoire will welcome you for a playful explanation.<\/p>\n\n\n\n<figure class=\"wp-block-image size-full animated slideInRight delay-200ms slow\"><a href=\"https:\/\/www.lesterrassesdedordogne.com\/wp-content\/uploads\/2022\/11\/eyzies.jpg\"><img decoding=\"async\" width=\"720\" height=\"480\" src=\"https:\/\/www.lesterrassesdedordogne.com\/wp-content\/uploads\/2022\/11\/eyzies.jpg\" alt=\"eyzies\" class=\"wp-image-1938\" srcset=\"https:\/\/www.lesterrassesdedordogne.com\/wp-content\/uploads\/2022\/11\/eyzies.jpg 720w, https:\/\/www.lesterrassesdedordogne.com\/wp-content\/uploads\/2022\/11\/eyzies-300x200.jpg 300w\" sizes=\"(max-width: 720px) 100vw, 720px\" \/><\/a><\/figure>\n<\/div>\n\n\n\n<div class=\"wp-block-column second vagues is-layout-flow wp-block-column-is-layout-flow\">\n<figure class=\"wp-block-image size-full animated slideInLeft delay-200ms slow\"><img decoding=\"async\" width=\"720\" height=\"480\" src=\"https:\/\/www.lesterrassesdedordogne.com\/wp-content\/uploads\/2022\/11\/dommes.jpg\" alt=\"dommes\" class=\"wp-image-1947\" srcset=\"https:\/\/www.lesterrassesdedordogne.com\/wp-content\/uploads\/2022\/11\/dommes.jpg 720w, https:\/\/www.lesterrassesdedordogne.com\/wp-content\/uploads\/2022\/11\/dommes-300x200.jpg 300w\" sizes=\"(max-width: 720px) 100vw, 720px\" \/><\/figure>\n\n\n\n<h2 class=\"ls-heading wp-block-heading\">Tourism in Domme<\/h2>\n\n\n\n<p class=\"ls-paragraph\"><a href=\"http:\/\/domme.fr\">Domme<\/a>, nicknamed &#8220;the Acropolis of the P\u00e9rigord&#8221;, is a royal bastide classified as one of the most beautiful villages in France. Created in 1281 on a protected cliff, at an altitude of 215 m, you can appreciate its ramparts and the Porte des Tours in which the imprisoned Templars made engravings, still visible today.<\/p>\n<\/div>\n<\/div>\n\n\r\n    <\/div>\r\n<\/section>\n\n<section id=\"ls-section-block_40e7f5231c9bec0b5b3df0e6c2d07bbd\" class=\"ls-section  page-parallax has-background-image has-parallax has-background has-color-1-background-color has-p-t p-t-14 has-p-b p-b-14\" >\r\n    <div class=\"ls-section__background-image opacity-30\"><img decoding=\"async\" src=\"https:\/\/www.lesterrassesdedordogne.com\/wp-content\/uploads\/2022\/11\/saint-leon-sur-vezere.jpg\" alt=\"saint leon sur vezere\"><\/div>    <div class=\"container \">\r\n        \n\n<h2 class=\"ls__heading has-text-align-center has-color-white-color has-text-color wp-block-heading\">Discover Saint L\u00e9on sur V\u00e9z\u00e8re during your holidays<\/h2>\n\n\n\n<p class=\"ls-paragraph has-text-align-center has-color-white-color has-text-color\">Halfway between Sarlat and Les Eyzies, <a href=\"https:\/\/www.slve.fr\/\">Saint-L\u00e9on-sur-V\u00e9z\u00e8re<\/a> is a charming little village on the banks of the V\u00e9z\u00e8re, classified as one of the Most Beautiful Villages in France, only 33 minutes from the campsite in the Dordogne. Here you will feel the authenticity of the medieval villages with its narrow streets and you will stroll to enjoy this moment out of time.<\/p>\n\n\r\n    <\/div>\r\n<\/section>\n\n<section id=\"ls-section-block_c7004f995115584d7e7a17a19eff4656\" class=\"ls-section  page-maillage has-p-t p-t-14 has-p-b p-b-14\" >\r\n        <div class=\"container container--wide\">\r\n        \n\n<div id=\"ls-heading ls-titre-div-block_7d093c66b2bced8c8339e4e732400a0a\" class=\"ls-titre-div has-p-b p-b-4 aligncenter h2-like\" >\n    Discover the gardens and<\/br>activities near our campsite<\/div>\n\n\n<div id=\"ls-maillage-block_36791ae72fbecc0a3cf4868b80057410\" class=\"ls-maillage cta-style-normal\" data-rows=\"3\">\r\n    <div class=\"wp-block-columns\"><div class=\"wp-block-column\">\n\n<a href=\"https:\/\/www.lesterrassesdedordogne.com\/en\/leisure-parks-dordogne\/\" target=\"\" rel=\"noopener\" class=\"ls-cta__link\" data-categ=\"\">\n\t<div class=\"ls-cta__image\"><img decoding=\"async\" src=\"https:\/\/www.lesterrassesdedordogne.com\/wp-content\/uploads\/2022\/11\/parc-attraction.jpg\" alt=\"parc attraction\"><\/div>\n\t<div class=\"ls-cta__title\">\n\t\tTheme and Leisure Parks\t<\/div>\n\n\t<\/a><\/div><div class=\"wp-block-column\">\n\n<a href=\"https:\/\/www.lesterrassesdedordogne.com\/en\/tourism-park-gardens-dordogne\/\" target=\"\" rel=\"noopener\" class=\"ls-cta__link\" data-categ=\"\">\n\t<div class=\"ls-cta__image\"><img decoding=\"async\" src=\"https:\/\/www.lesterrassesdedordogne.com\/wp-content\/uploads\/2022\/11\/jardin-deyrignac.jpg\" alt=\"jardin eyrignac\"><\/div>\n\t<div class=\"ls-cta__title\">\n\t\tParks and gardens\t<\/div>\n\n\t<\/a><\/div><div class=\"wp-block-column\">\n\n<a href=\"https:\/\/www.lesterrassesdedordogne.com\/en\/sports-activities-dordogne\/\" target=\"\" rel=\"noopener\" class=\"ls-cta__link\" data-categ=\"\">\n\t<div class=\"ls-cta__image\"><img decoding=\"async\" src=\"https:\/\/www.lesterrassesdedordogne.com\/wp-content\/uploads\/2022\/11\/vtt-dordogne.jpg\" alt=\"vtt dordogne\"><\/div>\n\t<div class=\"ls-cta__title\">\n\t\tSport and nature\t<\/div>\n\n\t<\/a><\/div><\/div><\/div>\n\r\n    <\/div>\r\n<\/section>","protected":false},"excerpt":{"rendered":"","protected":false},"author":1,"featured_media":1958,"parent":0,"menu_order":0,"comment_status":"closed","ping_status":"closed","template":"","meta":{"_acf_changed":false,"footnotes":""},"sujet":[],"class_list":["post-2692","page","type-page","status-publish","has-post-thumbnail","hentry"],"acf":[],"yoast_head":"<!-- This site is optimized with the Yoast SEO plugin v25.3 - https:\/\/yoast.com\/wordpress\/plugins\/seo\/ -->\n<title>Visit the villages of P\u00e9rigord | Tourism in Dordogne (24)<\/title>\n<meta name=\"robots\" content=\"index, follow, max-snippet:-1, max-image-preview:large, max-video-preview:-1\" \/>\n<link rel=\"canonical\" href=\"https:\/\/www.lesterrassesdedordogne.com\/en\/tourism-perigord\/\" \/>\n<meta property=\"og:locale\" content=\"en_US\" \/>\n<meta property=\"og:type\" content=\"article\" \/>\n<meta property=\"og:title\" content=\"Visit the villages of P\u00e9rigord | Tourism in Dordogne (24)\" \/>\n<meta property=\"og:url\" content=\"https:\/\/www.lesterrassesdedordogne.com\/en\/tourism-perigord\/\" \/>\n<meta property=\"og:site_name\" content=\"Les Terrasses de Dordogne\" \/>\n<meta property=\"article:modified_time\" content=\"2022-12-07T10:22:55+00:00\" \/>\n<meta property=\"og:image\" content=\"https:\/\/www.lesterrassesdedordogne.com\/wp-content\/uploads\/2022\/11\/perigord.jpg\" \/>\n\t<meta property=\"og:image:width\" content=\"1920\" \/>\n\t<meta property=\"og:image:height\" content=\"1080\" \/>\n\t<meta property=\"og:image:type\" content=\"image\/jpeg\" \/>\n<meta name=\"twitter:card\" content=\"summary_large_image\" \/>\n<meta name=\"twitter:label1\" content=\"Est. reading time\" \/>\n\t<meta name=\"twitter:data1\" content=\"3 minutes\" \/>\n<script type=\"application\/ld+json\" class=\"yoast-schema-graph\">{\"@context\":\"https:\/\/schema.org\",\"@graph\":[{\"@type\":\"WebPage\",\"@id\":\"https:\/\/www.lesterrassesdedordogne.com\/en\/tourism-perigord\/\",\"url\":\"https:\/\/www.lesterrassesdedordogne.com\/en\/tourism-perigord\/\",\"name\":\"Visit the villages of P\u00e9rigord | Tourism in Dordogne (24)\",\"isPartOf\":{\"@id\":\"https:\/\/www.lesterrassesdedordogne.com\/en\/#website\"},\"primaryImageOfPage\":{\"@id\":\"https:\/\/www.lesterrassesdedordogne.com\/en\/tourism-perigord\/#primaryimage\"},\"image\":{\"@id\":\"https:\/\/www.lesterrassesdedordogne.com\/en\/tourism-perigord\/#primaryimage\"},\"thumbnailUrl\":\"https:\/\/www.lesterrassesdedordogne.com\/wp-content\/uploads\/2022\/11\/perigord.jpg\",\"datePublished\":\"2022-10-31T08:22:34+00:00\",\"dateModified\":\"2022-12-07T10:22:55+00:00\",\"breadcrumb\":{\"@id\":\"https:\/\/www.lesterrassesdedordogne.com\/en\/tourism-perigord\/#breadcrumb\"},\"inLanguage\":\"en-US\",\"potentialAction\":[{\"@type\":\"ReadAction\",\"target\":[\"https:\/\/www.lesterrassesdedordogne.com\/en\/tourism-perigord\/\"]}]},{\"@type\":\"ImageObject\",\"inLanguage\":\"en-US\",\"@id\":\"https:\/\/www.lesterrassesdedordogne.com\/en\/tourism-perigord\/#primaryimage\",\"url\":\"https:\/\/www.lesterrassesdedordogne.com\/wp-content\/uploads\/2022\/11\/perigord.jpg\",\"contentUrl\":\"https:\/\/www.lesterrassesdedordogne.com\/wp-content\/uploads\/2022\/11\/perigord.jpg\",\"width\":1920,\"height\":1080,\"caption\":\"p\u00e9rigord\"},{\"@type\":\"BreadcrumbList\",\"@id\":\"https:\/\/www.lesterrassesdedordogne.com\/en\/tourism-perigord\/#breadcrumb\",\"itemListElement\":[{\"@type\":\"ListItem\",\"position\":1,\"name\":\"Les Terrasses de Dordogne\",\"item\":\"https:\/\/www.lesterrassesdedordogne.com\/en\/\"},{\"@type\":\"ListItem\",\"position\":2,\"name\":\"Tourism in the Dordogne\"}]},{\"@type\":\"WebSite\",\"@id\":\"https:\/\/www.lesterrassesdedordogne.com\/en\/#website\",\"url\":\"https:\/\/www.lesterrassesdedordogne.com\/en\/\",\"name\":\"Les Terrasses de Dordogne\",\"description\":\"\",\"publisher\":{\"@id\":\"https:\/\/www.lesterrassesdedordogne.com\/en\/#organization\"},\"potentialAction\":[{\"@type\":\"SearchAction\",\"target\":{\"@type\":\"EntryPoint\",\"urlTemplate\":\"https:\/\/www.lesterrassesdedordogne.com\/en\/?s={search_term_string}\"},\"query-input\":{\"@type\":\"PropertyValueSpecification\",\"valueRequired\":true,\"valueName\":\"search_term_string\"}}],\"inLanguage\":\"en-US\"},{\"@type\":\"Organization\",\"@id\":\"https:\/\/www.lesterrassesdedordogne.com\/en\/#organization\",\"name\":\"Les Terrasses de Dordogne\",\"url\":\"https:\/\/www.lesterrassesdedordogne.com\/en\/\",\"logo\":{\"@type\":\"ImageObject\",\"inLanguage\":\"en-US\",\"@id\":\"https:\/\/www.lesterrassesdedordogne.com\/en\/#\/schema\/logo\/image\/\",\"url\":\"https:\/\/www.lesterrassesdedordogne.com\/wp-content\/uploads\/2022\/11\/favicon-2.png\",\"contentUrl\":\"https:\/\/www.lesterrassesdedordogne.com\/wp-content\/uploads\/2022\/11\/favicon-2.png\",\"width\":195,\"height\":195,\"caption\":\"Les Terrasses de Dordogne\"},\"image\":{\"@id\":\"https:\/\/www.lesterrassesdedordogne.com\/en\/#\/schema\/logo\/image\/\"}}]}<\/script>\n<!-- \/ Yoast SEO plugin. -->","yoast_head_json":{"title":"Visit the villages of P\u00e9rigord | Tourism in Dordogne (24)","robots":{"index":"index","follow":"follow","max-snippet":"max-snippet:-1","max-image-preview":"max-image-preview:large","max-video-preview":"max-video-preview:-1"},"canonical":"https:\/\/www.lesterrassesdedordogne.com\/en\/tourism-perigord\/","og_locale":"en_US","og_type":"article","og_title":"Visit the villages of P\u00e9rigord | Tourism in Dordogne (24)","og_url":"https:\/\/www.lesterrassesdedordogne.com\/en\/tourism-perigord\/","og_site_name":"Les Terrasses de Dordogne","article_modified_time":"2022-12-07T10:22:55+00:00","og_image":[{"width":1920,"height":1080,"url":"https:\/\/www.lesterrassesdedordogne.com\/wp-content\/uploads\/2022\/11\/perigord.jpg","type":"image\/jpeg"}],"twitter_card":"summary_large_image","twitter_misc":{"Est. reading time":"3 minutes"},"schema":{"@context":"https:\/\/schema.org","@graph":[{"@type":"WebPage","@id":"https:\/\/www.lesterrassesdedordogne.com\/en\/tourism-perigord\/","url":"https:\/\/www.lesterrassesdedordogne.com\/en\/tourism-perigord\/","name":"Visit the villages of P\u00e9rigord | Tourism in Dordogne (24)","isPartOf":{"@id":"https:\/\/www.lesterrassesdedordogne.com\/en\/#website"},"primaryImageOfPage":{"@id":"https:\/\/www.lesterrassesdedordogne.com\/en\/tourism-perigord\/#primaryimage"},"image":{"@id":"https:\/\/www.lesterrassesdedordogne.com\/en\/tourism-perigord\/#primaryimage"},"thumbnailUrl":"https:\/\/www.lesterrassesdedordogne.com\/wp-content\/uploads\/2022\/11\/perigord.jpg","datePublished":"2022-10-31T08:22:34+00:00","dateModified":"2022-12-07T10:22:55+00:00","breadcrumb":{"@id":"https:\/\/www.lesterrassesdedordogne.com\/en\/tourism-perigord\/#breadcrumb"},"inLanguage":"en-US","potentialAction":[{"@type":"ReadAction","target":["https:\/\/www.lesterrassesdedordogne.com\/en\/tourism-perigord\/"]}]},{"@type":"ImageObject","inLanguage":"en-US","@id":"https:\/\/www.lesterrassesdedordogne.com\/en\/tourism-perigord\/#primaryimage","url":"https:\/\/www.lesterrassesdedordogne.com\/wp-content\/uploads\/2022\/11\/perigord.jpg","contentUrl":"https:\/\/www.lesterrassesdedordogne.com\/wp-content\/uploads\/2022\/11\/perigord.jpg","width":1920,"height":1080,"caption":"p\u00e9rigord"},{"@type":"BreadcrumbList","@id":"https:\/\/www.lesterrassesdedordogne.com\/en\/tourism-perigord\/#breadcrumb","itemListElement":[{"@type":"ListItem","position":1,"name":"Les Terrasses de Dordogne","item":"https:\/\/www.lesterrassesdedordogne.com\/en\/"},{"@type":"ListItem","position":2,"name":"Tourism in the Dordogne"}]},{"@type":"WebSite","@id":"https:\/\/www.lesterrassesdedordogne.com\/en\/#website","url":"https:\/\/www.lesterrassesdedordogne.com\/en\/","name":"Les Terrasses de Dordogne","description":"","publisher":{"@id":"https:\/\/www.lesterrassesdedordogne.com\/en\/#organization"},"potentialAction":[{"@type":"SearchAction","target":{"@type":"EntryPoint","urlTemplate":"https:\/\/www.lesterrassesdedordogne.com\/en\/?s={search_term_string}"},"query-input":{"@type":"PropertyValueSpecification","valueRequired":true,"valueName":"search_term_string"}}],"inLanguage":"en-US"},{"@type":"Organization","@id":"https:\/\/www.lesterrassesdedordogne.com\/en\/#organization","name":"Les Terrasses de Dordogne","url":"https:\/\/www.lesterrassesdedordogne.com\/en\/","logo":{"@type":"ImageObject","inLanguage":"en-US","@id":"https:\/\/www.lesterrassesdedordogne.com\/en\/#\/schema\/logo\/image\/","url":"https:\/\/www.lesterrassesdedordogne.com\/wp-content\/uploads\/2022\/11\/favicon-2.png","contentUrl":"https:\/\/www.lesterrassesdedordogne.com\/wp-content\/uploads\/2022\/11\/favicon-2.png","width":195,"height":195,"caption":"Les Terrasses de Dordogne"},"image":{"@id":"https:\/\/www.lesterrassesdedordogne.com\/en\/#\/schema\/logo\/image\/"}}]}},"_links":{"self":[{"href":"https:\/\/www.lesterrassesdedordogne.com\/en\/wp-json\/wp\/v2\/pages\/2692","targetHints":{"allow":["GET"]}}],"collection":[{"href":"https:\/\/www.lesterrassesdedordogne.com\/en\/wp-json\/wp\/v2\/pages"}],"about":[{"href":"https:\/\/www.lesterrassesdedordogne.com\/en\/wp-json\/wp\/v2\/types\/page"}],"author":[{"embeddable":true,"href":"https:\/\/www.lesterrassesdedordogne.com\/en\/wp-json\/wp\/v2\/users\/1"}],"replies":[{"embeddable":true,"href":"https:\/\/www.lesterrassesdedordogne.com\/en\/wp-json\/wp\/v2\/comments?post=2692"}],"version-history":[{"count":4,"href":"https:\/\/www.lesterrassesdedordogne.com\/en\/wp-json\/wp\/v2\/pages\/2692\/revisions"}],"predecessor-version":[{"id":3319,"href":"https:\/\/www.lesterrassesdedordogne.com\/en\/wp-json\/wp\/v2\/pages\/2692\/revisions\/3319"}],"wp:featuredmedia":[{"embeddable":true,"href":"https:\/\/www.lesterrassesdedordogne.com\/en\/wp-json\/wp\/v2\/media\/1958"}],"wp:attachment":[{"href":"https:\/\/www.lesterrassesdedordogne.com\/en\/wp-json\/wp\/v2\/media?parent=2692"}],"wp:term":[{"taxonomy":"sujet","embeddable":true,"href":"https:\/\/www.lesterrassesdedordogne.com\/en\/wp-json\/wp\/v2\/sujet?post=2692"}],"curies":[{"name":"wp","href":"https:\/\/api.w.org\/{rel}","templated":true}]}}