{"id":2609,"date":"2022-10-31T09:22:20","date_gmt":"2022-10-31T08:22:20","guid":{"rendered":"https:\/\/www.lesterrassesdedordogne.com\/tourisme-rouffignac\/"},"modified":"2022-12-07T09:28:16","modified_gmt":"2022-12-07T08:28:16","slug":"toerisme-rouffignac","status":"publish","type":"page","link":"https:\/\/www.lesterrassesdedordogne.com\/nl\/toerisme-rouffignac\/","title":{"rendered":"Het dorp Rouffignac"},"content":{"rendered":"<section id=\"ls-section-block_a8b2836813e368bc788a90554a950e82\" class=\"ls-section  page-intro has-p-t p-t-14 has-p-b p-b-14\" >\r\n        <div class=\"container container--wide\">\r\n        \n\n<h1 class=\"ls__heading has-text-align-center has-p-b p-b-8 petite-feuille animated fadeInUp delay-200ms slow wp-block-heading\">Bezoek Rouffignac<\/h1>\n\n\n\n<div class=\"wp-block-columns columns-parent is-layout-flex wp-container-core-columns-is-layout-9d6595d7 wp-block-columns-is-layout-flex\">\n<div class=\"wp-block-column left is-layout-flow wp-block-column-is-layout-flow\">\n<h2 class=\"ls-heading wp-block-heading\">Rouffignac, een mooi dorp om te bezoeken<\/h2>\n\n\n\n<p class=\"ls-paragraph\">Een verblijf op <a href=\"\/nl\/\">camping Les Terrasses de Dordogne<\/a> in de gemeente <a href=\"http:\/\/rouffignac-perigordnoir.fr\">Rouffignac-Saint Cernin de Reilhac<\/a> ligt op de hoogten van de <strong>Grand Site de France<\/strong> Vall\u00e9e de la V\u00e9z\u00e8re, de 20e geklasseerde Grand Site de France. Deze uitgestrekte gemeente van de <strong>P\u00e9rigord <\/strong>Noir ligt op de hoogste heuvels van de Dordogne. Dicht bebost, ligt hier het legendarische bos van Barade waar het <strong>verhaal van Jacquou le Croquant<\/strong> werd geschreven.<\/p>\n\n\n\n<p class=\"ls-paragraph\">Rouffignac is een landelijk gebied gelegen op de as P\u00e9rigueux-Sarlat, in het hart van een uitzonderlijke natuurlijke omgeving. Het is een ideale uitvalsbasis om de mooiste plekjes van de P\u00e9rigord te bezoeken.<\/p>\n\n\n\n<div class=\"wp-block-columns columns-child has-p-t p-t-4 animated slideInLeft delay-200ms slow is-layout-flex wp-container-core-columns-is-layout-9d6595d7 wp-block-columns-is-layout-flex\">\n<div class=\"wp-block-column is-layout-flow wp-block-column-is-layout-flow\">\n<figure class=\"wp-block-image size-full\"><a href=\"https:\/\/www.lesterrassesdedordogne.com\/wp-content\/uploads\/2022\/11\/activite-famille-rouffignac.jpg\"><img decoding=\"async\" width=\"900\" height=\"600\" src=\"https:\/\/www.lesterrassesdedordogne.com\/wp-content\/uploads\/2022\/11\/activite-famille-rouffignac.jpg\" alt=\"activite famille rouffignac\" class=\"wp-image-1472\" srcset=\"https:\/\/www.lesterrassesdedordogne.com\/wp-content\/uploads\/2022\/11\/activite-famille-rouffignac.jpg 900w, https:\/\/www.lesterrassesdedordogne.com\/wp-content\/uploads\/2022\/11\/activite-famille-rouffignac-300x200.jpg 300w, https:\/\/www.lesterrassesdedordogne.com\/wp-content\/uploads\/2022\/11\/activite-famille-rouffignac-768x512.jpg 768w\" sizes=\"(max-width: 900px) 100vw, 900px\" \/><\/a><\/figure>\n<\/div>\n\n\n\n<div class=\"wp-block-column is-layout-flow wp-block-column-is-layout-flow\">\n<figure class=\"wp-block-image size-full\"><a href=\"https:\/\/www.lesterrassesdedordogne.com\/wp-content\/uploads\/2022\/11\/que-faire-rouffignac.jpg\"><img decoding=\"async\" width=\"720\" height=\"480\" src=\"https:\/\/www.lesterrassesdedordogne.com\/wp-content\/uploads\/2022\/11\/que-faire-rouffignac.jpg\" alt=\"que faire rouffignac\" class=\"wp-image-1478\" srcset=\"https:\/\/www.lesterrassesdedordogne.com\/wp-content\/uploads\/2022\/11\/que-faire-rouffignac.jpg 720w, https:\/\/www.lesterrassesdedordogne.com\/wp-content\/uploads\/2022\/11\/que-faire-rouffignac-300x200.jpg 300w\" sizes=\"(max-width: 720px) 100vw, 720px\" \/><\/a><\/figure>\n<\/div>\n<\/div>\n<\/div>\n\n\n\n<div class=\"wp-block-column right vagues is-layout-flow wp-block-column-is-layout-flow\">\n<figure class=\"wp-block-image size-full animated slideInRight delay-200ms slow\"><a href=\"https:\/\/www.lesterrassesdedordogne.com\/wp-content\/uploads\/2022\/11\/vacances-rouffignac.jpg\"><img decoding=\"async\" width=\"720\" height=\"480\" src=\"https:\/\/www.lesterrassesdedordogne.com\/wp-content\/uploads\/2022\/11\/vacances-rouffignac.jpg\" alt=\"vacances rouffignac\" class=\"wp-image-1490\" srcset=\"https:\/\/www.lesterrassesdedordogne.com\/wp-content\/uploads\/2022\/11\/vacances-rouffignac.jpg 720w, https:\/\/www.lesterrassesdedordogne.com\/wp-content\/uploads\/2022\/11\/vacances-rouffignac-300x200.jpg 300w\" sizes=\"(max-width: 720px) 100vw, 720px\" \/><\/a><\/figure>\n\n\n\n<p class=\"ls-paragraph\">Als toegangspoort tot de Vall\u00e9e de l&#8217;Homme, de bakermat van de prehistorie, herbergt de gemeente een prachtige oorspronkelijke grot, bekend als de &#8220;Honderd Mammoeten&#8221;, waarvan de grottekeningen kunnen worden gedateerd op het Magdalenien. Ook het Ch\u00e2teau de l&#8217;Herm getuigt van zijn <strong>middeleeuwse verleden<\/strong>.<\/p>\n<\/div>\n<\/div>\n\n\r\n    <\/div>\r\n<\/section>\n\n<section id=\"ls-section-block_c0cbb5942f03461e5fe51b787ca2fd44\" class=\"ls-section  page-parallax has-background-image has-parallax has-background has-color-1-background-color has-p-t p-t-14 has-p-b p-b-14\" >\r\n    <div class=\"ls-section__background-image opacity-30\"><img decoding=\"async\" src=\"https:\/\/www.lesterrassesdedordogne.com\/wp-content\/uploads\/2022\/11\/quoi-fair-rouffignac.jpg\" alt=\"quoi faire rouffignac\"><\/div>    <div class=\"container \">\r\n        \n\n<h2 class=\"ls__heading has-text-align-center has-color-white-color has-text-color wp-block-heading\">Wat te doen in Rouffignacc<\/h2>\n\n\n\n<p class=\"ls-paragraph has-text-align-center has-color-white-color has-text-color\">U kunt ook de renaissancekerk uit de 16e eeuw bezoeken, het enige overblijfsel van het dorp dat is herbouwd na de brand van 31 maart 1944 tijdens de Tweede Wereldoorlog. Een gedenkplaats herinnert aan de gebeurtenissen en verklaart de bijzondere architectuur van het dorp.<\/p>\n\n\r\n    <\/div>\r\n<\/section>\n\n<section id=\"ls-section-block_2c3f199d105bd7e21ac6090e299e970c\" class=\"ls-section  page-one has-p-t p-t-14 has-p-b p-b-14\" >\r\n        <div class=\"container container--wide\">\r\n        \n\n<div class=\"wp-block-columns is-layout-flex wp-container-core-columns-is-layout-9d6595d7 wp-block-columns-is-layout-flex\">\n<div class=\"wp-block-column first is-layout-flow wp-block-column-is-layout-flow\">\n<h2 class=\"ls-heading wp-block-heading\">Uw gezinsactiviteiten in Rouffignac<\/h2>\n\n\n\n<p class=\"ls-paragraph\">De gemeente is een ideaal speelterrein voor natuurliefhebbers. Een uitgebreid netwerk van <strong>wandelpaden en mountainbikeroutes<\/strong> verbindt de belangrijkste bezienswaardigheden, accommodaties en diensten.<\/p>\n\n\n\n<p class=\"ls-paragraph\">De reputatie van de <strong>zondagochtendmarkten <\/strong>en de gastronomische avondmarkten in de zomer, maken het verleidelijke aanbod van boerderijproducenten, restaurants en plaatselijke winkels compleet.<\/p>\n\n\n\n<p class=\"ls-paragraph\">Dankzij het ruime aanbod van accommodaties kunt u verblijven in een natuurlijke en authentieke omgeving op het platteland, dicht bij de prehistorische vindplaatsen van het land van de Cro-Magnons, zoals Lascaux of Les Eyzies, en de talrijke kastelen van de Dordogne-vallei. Het gebied biedt ook veel sportieve, culturele en buitenactiviteiten.<\/p>\n\n\n\n<figure class=\"wp-block-image size-full animated slideInRight delay-200ms slow\"><a href=\"https:\/\/www.lesterrassesdedordogne.com\/wp-content\/uploads\/2022\/11\/tourisme-rouffignac-dordogne.jpg\"><img decoding=\"async\" width=\"720\" height=\"480\" src=\"https:\/\/www.lesterrassesdedordogne.com\/wp-content\/uploads\/2022\/11\/tourisme-rouffignac-dordogne.jpg\" alt=\"tourisme rouffignac dordogne\" class=\"wp-image-1487\" srcset=\"https:\/\/www.lesterrassesdedordogne.com\/wp-content\/uploads\/2022\/11\/tourisme-rouffignac-dordogne.jpg 720w, https:\/\/www.lesterrassesdedordogne.com\/wp-content\/uploads\/2022\/11\/tourisme-rouffignac-dordogne-300x200.jpg 300w\" sizes=\"(max-width: 720px) 100vw, 720px\" \/><\/a><\/figure>\n<\/div>\n\n\n\n<div class=\"wp-block-column second vagues is-layout-flow wp-block-column-is-layout-flow\">\n<figure class=\"wp-block-image size-full animated slideInLeft delay-200ms slow\"><img decoding=\"async\" width=\"720\" height=\"480\" src=\"https:\/\/www.lesterrassesdedordogne.com\/wp-content\/uploads\/2022\/11\/visite-rouffignac.jpg\" alt=\"visite rouffignac\" class=\"wp-image-1493\" srcset=\"https:\/\/www.lesterrassesdedordogne.com\/wp-content\/uploads\/2022\/11\/visite-rouffignac.jpg 720w, https:\/\/www.lesterrassesdedordogne.com\/wp-content\/uploads\/2022\/11\/visite-rouffignac-300x200.jpg 300w\" sizes=\"(max-width: 720px) 100vw, 720px\" \/><\/figure>\n\n\n\n<p class=\"ls-paragraph\">Op zoek naar een groene vakantie in de vrije natuur? Profiteer in Rouffignac-Saint Cernin van een zacht intermezzo tussen het ontdekken van de omgeving en het land, voor een vakantie in harmonie met de natuur.<\/p>\n\n\n\n<p class=\"ls-paragraph\">Sinds eind 2021 heeft de gemeente het label <strong>&#8220;Station Verte&#8221;<\/strong> gekregen, als beloning voor de verschillende acties voor het behoud en de opwaardering van het erfgoed en het ecotoerisme. Voor meer informatie over dit label kunt u de website van Station Verte bezoeken door hier te klikken<\/p>\n<\/div>\n<\/div>\n\n\r\n    <\/div>\r\n<\/section>\n\n<section id=\"ls-section-block_0aea1449aeea89916475bdc6b3f287cb\" class=\"ls-section  page-maillage has-p-t p-t-14 has-p-b p-b-14\" >\r\n        <div class=\"container container--wide\">\r\n        \n\n<div id=\"ls-heading ls-titre-div-block_f5022e0013efc0faebce8eeb44509497\" class=\"ls-titre-div has-p-b p-b-4 aligncenter h2-like\" >\n    Ontdek de kastelen, de Perigord <\/br>en de omgeving van onze camping<\/div>\n\n\n<div id=\"ls-maillage-block_993e3414b1f2f83d7eb93bba7fbbb769\" class=\"ls-maillage cta-style-normal\" data-rows=\"3\">\r\n    <div class=\"wp-block-columns\"><div class=\"wp-block-column\">\n\n<a href=\"https:\/\/www.lesterrassesdedordogne.com\/nl\/toerisme-kastelen-grotten-dordogne\/\" target=\"\" rel=\"noopener\" class=\"ls-cta__link\" data-categ=\"\">\n\t<div class=\"ls-cta__image\"><img decoding=\"async\" src=\"https:\/\/www.lesterrassesdedordogne.com\/wp-content\/uploads\/2022\/11\/grotte-prehistoire-dordogne.jpg\" alt=\"tourisme-chateau-dordogne\"><\/div>\n\t<div class=\"ls-cta__title\">\n\t\tGrotten en kastelen\t<\/div>\n\n\t<\/a><\/div><div class=\"wp-block-column\">\n\n<a href=\"https:\/\/www.lesterrassesdedordogne.com\/nl\/toeristisch-park-tuinen-dordogne\/\" target=\"\" rel=\"noopener\" class=\"ls-cta__link\" data-categ=\"\">\n\t<div class=\"ls-cta__image\"><img decoding=\"async\" src=\"https:\/\/www.lesterrassesdedordogne.com\/wp-content\/uploads\/2022\/11\/jardin-deyrignac.jpg\" alt=\"jardin eyrignac\"><\/div>\n\t<div class=\"ls-cta__title\">\n\t\tParken en tuinen\t<\/div>\n\n\t<\/a><\/div><div class=\"wp-block-column\">\n\n<a href=\"https:\/\/www.lesterrassesdedordogne.com\/nl\/toerisme-perigord\/\" target=\"\" rel=\"noopener\" class=\"ls-cta__link\" data-categ=\"\">\n\t<div class=\"ls-cta__image\"><img decoding=\"async\" src=\"https:\/\/www.lesterrassesdedordogne.com\/wp-content\/uploads\/2022\/11\/perigueux.jpg\" alt=\"p\u00e9rigueux\"><\/div>\n\t<div class=\"ls-cta__title\">\n\t\tPerigord en zijn dorpen\t<\/div>\n\n\t<\/a><\/div><\/div><\/div>\n\r\n    <\/div>\r\n<\/section>","protected":false},"excerpt":{"rendered":"","protected":false},"author":1,"featured_media":1476,"parent":0,"menu_order":0,"comment_status":"closed","ping_status":"closed","template":"","meta":{"_acf_changed":false,"footnotes":""},"sujet":[],"class_list":["post-2609","page","type-page","status-publish","has-post-thumbnail","hentry"],"acf":[],"yoast_head":"<!-- This site is optimized with the Yoast SEO plugin v25.3 - https:\/\/yoast.com\/wordpress\/plugins\/seo\/ -->\n<title>Toerisme en activiteiten in Rouffignac | Vakantie in Rouffignac<\/title>\n<meta name=\"robots\" content=\"index, follow, max-snippet:-1, max-image-preview:large, max-video-preview:-1\" \/>\n<link rel=\"canonical\" href=\"https:\/\/www.lesterrassesdedordogne.com\/nl\/toerisme-rouffignac\/\" \/>\n<meta property=\"og:locale\" content=\"nl_NL\" \/>\n<meta property=\"og:type\" content=\"article\" \/>\n<meta property=\"og:title\" content=\"Toerisme en activiteiten in Rouffignac | Vakantie in Rouffignac\" \/>\n<meta property=\"og:url\" content=\"https:\/\/www.lesterrassesdedordogne.com\/nl\/toerisme-rouffignac\/\" \/>\n<meta property=\"og:site_name\" content=\"Les Terrasses de Dordogne\" \/>\n<meta property=\"article:modified_time\" content=\"2022-12-07T08:28:16+00:00\" \/>\n<meta property=\"og:image\" content=\"https:\/\/www.lesterrassesdedordogne.com\/wp-content\/uploads\/2022\/11\/activites-rouffignac.jpg\" \/>\n\t<meta property=\"og:image:width\" content=\"1900\" \/>\n\t<meta property=\"og:image:height\" content=\"750\" \/>\n\t<meta property=\"og:image:type\" content=\"image\/jpeg\" \/>\n<meta name=\"twitter:card\" content=\"summary_large_image\" \/>\n<meta name=\"twitter:label1\" content=\"Geschatte leestijd\" \/>\n\t<meta name=\"twitter:data1\" content=\"3 minuten\" \/>\n<script type=\"application\/ld+json\" class=\"yoast-schema-graph\">{\"@context\":\"https:\/\/schema.org\",\"@graph\":[{\"@type\":\"WebPage\",\"@id\":\"https:\/\/www.lesterrassesdedordogne.com\/nl\/toerisme-rouffignac\/\",\"url\":\"https:\/\/www.lesterrassesdedordogne.com\/nl\/toerisme-rouffignac\/\",\"name\":\"Toerisme en activiteiten in Rouffignac | Vakantie in Rouffignac\",\"isPartOf\":{\"@id\":\"https:\/\/www.lesterrassesdedordogne.com\/nl\/#website\"},\"primaryImageOfPage\":{\"@id\":\"https:\/\/www.lesterrassesdedordogne.com\/nl\/toerisme-rouffignac\/#primaryimage\"},\"image\":{\"@id\":\"https:\/\/www.lesterrassesdedordogne.com\/nl\/toerisme-rouffignac\/#primaryimage\"},\"thumbnailUrl\":\"https:\/\/www.lesterrassesdedordogne.com\/wp-content\/uploads\/2022\/11\/activites-rouffignac.jpg\",\"datePublished\":\"2022-10-31T08:22:20+00:00\",\"dateModified\":\"2022-12-07T08:28:16+00:00\",\"breadcrumb\":{\"@id\":\"https:\/\/www.lesterrassesdedordogne.com\/nl\/toerisme-rouffignac\/#breadcrumb\"},\"inLanguage\":\"nl-NL\",\"potentialAction\":[{\"@type\":\"ReadAction\",\"target\":[\"https:\/\/www.lesterrassesdedordogne.com\/nl\/toerisme-rouffignac\/\"]}]},{\"@type\":\"ImageObject\",\"inLanguage\":\"nl-NL\",\"@id\":\"https:\/\/www.lesterrassesdedordogne.com\/nl\/toerisme-rouffignac\/#primaryimage\",\"url\":\"https:\/\/www.lesterrassesdedordogne.com\/wp-content\/uploads\/2022\/11\/activites-rouffignac.jpg\",\"contentUrl\":\"https:\/\/www.lesterrassesdedordogne.com\/wp-content\/uploads\/2022\/11\/activites-rouffignac.jpg\",\"width\":1900,\"height\":750,\"caption\":\"activites rouffignac\"},{\"@type\":\"BreadcrumbList\",\"@id\":\"https:\/\/www.lesterrassesdedordogne.com\/nl\/toerisme-rouffignac\/#breadcrumb\",\"itemListElement\":[{\"@type\":\"ListItem\",\"position\":1,\"name\":\"Les Terrasses de Dordogne\",\"item\":\"https:\/\/www.lesterrassesdedordogne.com\/nl\/\"},{\"@type\":\"ListItem\",\"position\":2,\"name\":\"Wat te doen in Rouffignac\"}]},{\"@type\":\"WebSite\",\"@id\":\"https:\/\/www.lesterrassesdedordogne.com\/nl\/#website\",\"url\":\"https:\/\/www.lesterrassesdedordogne.com\/nl\/\",\"name\":\"Les Terrasses de Dordogne\",\"description\":\"\",\"publisher\":{\"@id\":\"https:\/\/www.lesterrassesdedordogne.com\/nl\/#organization\"},\"potentialAction\":[{\"@type\":\"SearchAction\",\"target\":{\"@type\":\"EntryPoint\",\"urlTemplate\":\"https:\/\/www.lesterrassesdedordogne.com\/nl\/?s={search_term_string}\"},\"query-input\":{\"@type\":\"PropertyValueSpecification\",\"valueRequired\":true,\"valueName\":\"search_term_string\"}}],\"inLanguage\":\"nl-NL\"},{\"@type\":\"Organization\",\"@id\":\"https:\/\/www.lesterrassesdedordogne.com\/nl\/#organization\",\"name\":\"Les Terrasses de Dordogne\",\"url\":\"https:\/\/www.lesterrassesdedordogne.com\/nl\/\",\"logo\":{\"@type\":\"ImageObject\",\"inLanguage\":\"nl-NL\",\"@id\":\"https:\/\/www.lesterrassesdedordogne.com\/nl\/#\/schema\/logo\/image\/\",\"url\":\"https:\/\/www.lesterrassesdedordogne.com\/wp-content\/uploads\/2022\/11\/favicon-2.png\",\"contentUrl\":\"https:\/\/www.lesterrassesdedordogne.com\/wp-content\/uploads\/2022\/11\/favicon-2.png\",\"width\":195,\"height\":195,\"caption\":\"Les Terrasses de Dordogne\"},\"image\":{\"@id\":\"https:\/\/www.lesterrassesdedordogne.com\/nl\/#\/schema\/logo\/image\/\"}}]}<\/script>\n<!-- \/ Yoast SEO plugin. -->","yoast_head_json":{"title":"Toerisme en activiteiten in Rouffignac | Vakantie in Rouffignac","robots":{"index":"index","follow":"follow","max-snippet":"max-snippet:-1","max-image-preview":"max-image-preview:large","max-video-preview":"max-video-preview:-1"},"canonical":"https:\/\/www.lesterrassesdedordogne.com\/nl\/toerisme-rouffignac\/","og_locale":"nl_NL","og_type":"article","og_title":"Toerisme en activiteiten in Rouffignac | Vakantie in Rouffignac","og_url":"https:\/\/www.lesterrassesdedordogne.com\/nl\/toerisme-rouffignac\/","og_site_name":"Les Terrasses de Dordogne","article_modified_time":"2022-12-07T08:28:16+00:00","og_image":[{"width":1900,"height":750,"url":"https:\/\/www.lesterrassesdedordogne.com\/wp-content\/uploads\/2022\/11\/activites-rouffignac.jpg","type":"image\/jpeg"}],"twitter_card":"summary_large_image","twitter_misc":{"Geschatte leestijd":"3 minuten"},"schema":{"@context":"https:\/\/schema.org","@graph":[{"@type":"WebPage","@id":"https:\/\/www.lesterrassesdedordogne.com\/nl\/toerisme-rouffignac\/","url":"https:\/\/www.lesterrassesdedordogne.com\/nl\/toerisme-rouffignac\/","name":"Toerisme en activiteiten in Rouffignac | Vakantie in Rouffignac","isPartOf":{"@id":"https:\/\/www.lesterrassesdedordogne.com\/nl\/#website"},"primaryImageOfPage":{"@id":"https:\/\/www.lesterrassesdedordogne.com\/nl\/toerisme-rouffignac\/#primaryimage"},"image":{"@id":"https:\/\/www.lesterrassesdedordogne.com\/nl\/toerisme-rouffignac\/#primaryimage"},"thumbnailUrl":"https:\/\/www.lesterrassesdedordogne.com\/wp-content\/uploads\/2022\/11\/activites-rouffignac.jpg","datePublished":"2022-10-31T08:22:20+00:00","dateModified":"2022-12-07T08:28:16+00:00","breadcrumb":{"@id":"https:\/\/www.lesterrassesdedordogne.com\/nl\/toerisme-rouffignac\/#breadcrumb"},"inLanguage":"nl-NL","potentialAction":[{"@type":"ReadAction","target":["https:\/\/www.lesterrassesdedordogne.com\/nl\/toerisme-rouffignac\/"]}]},{"@type":"ImageObject","inLanguage":"nl-NL","@id":"https:\/\/www.lesterrassesdedordogne.com\/nl\/toerisme-rouffignac\/#primaryimage","url":"https:\/\/www.lesterrassesdedordogne.com\/wp-content\/uploads\/2022\/11\/activites-rouffignac.jpg","contentUrl":"https:\/\/www.lesterrassesdedordogne.com\/wp-content\/uploads\/2022\/11\/activites-rouffignac.jpg","width":1900,"height":750,"caption":"activites rouffignac"},{"@type":"BreadcrumbList","@id":"https:\/\/www.lesterrassesdedordogne.com\/nl\/toerisme-rouffignac\/#breadcrumb","itemListElement":[{"@type":"ListItem","position":1,"name":"Les Terrasses de Dordogne","item":"https:\/\/www.lesterrassesdedordogne.com\/nl\/"},{"@type":"ListItem","position":2,"name":"Wat te doen in Rouffignac"}]},{"@type":"WebSite","@id":"https:\/\/www.lesterrassesdedordogne.com\/nl\/#website","url":"https:\/\/www.lesterrassesdedordogne.com\/nl\/","name":"Les Terrasses de Dordogne","description":"","publisher":{"@id":"https:\/\/www.lesterrassesdedordogne.com\/nl\/#organization"},"potentialAction":[{"@type":"SearchAction","target":{"@type":"EntryPoint","urlTemplate":"https:\/\/www.lesterrassesdedordogne.com\/nl\/?s={search_term_string}"},"query-input":{"@type":"PropertyValueSpecification","valueRequired":true,"valueName":"search_term_string"}}],"inLanguage":"nl-NL"},{"@type":"Organization","@id":"https:\/\/www.lesterrassesdedordogne.com\/nl\/#organization","name":"Les Terrasses de Dordogne","url":"https:\/\/www.lesterrassesdedordogne.com\/nl\/","logo":{"@type":"ImageObject","inLanguage":"nl-NL","@id":"https:\/\/www.lesterrassesdedordogne.com\/nl\/#\/schema\/logo\/image\/","url":"https:\/\/www.lesterrassesdedordogne.com\/wp-content\/uploads\/2022\/11\/favicon-2.png","contentUrl":"https:\/\/www.lesterrassesdedordogne.com\/wp-content\/uploads\/2022\/11\/favicon-2.png","width":195,"height":195,"caption":"Les Terrasses de Dordogne"},"image":{"@id":"https:\/\/www.lesterrassesdedordogne.com\/nl\/#\/schema\/logo\/image\/"}}]}},"_links":{"self":[{"href":"https:\/\/www.lesterrassesdedordogne.com\/nl\/wp-json\/wp\/v2\/pages\/2609","targetHints":{"allow":["GET"]}}],"collection":[{"href":"https:\/\/www.lesterrassesdedordogne.com\/nl\/wp-json\/wp\/v2\/pages"}],"about":[{"href":"https:\/\/www.lesterrassesdedordogne.com\/nl\/wp-json\/wp\/v2\/types\/page"}],"author":[{"embeddable":true,"href":"https:\/\/www.lesterrassesdedordogne.com\/nl\/wp-json\/wp\/v2\/users\/1"}],"replies":[{"embeddable":true,"href":"https:\/\/www.lesterrassesdedordogne.com\/nl\/wp-json\/wp\/v2\/comments?post=2609"}],"version-history":[{"count":5,"href":"https:\/\/www.lesterrassesdedordogne.com\/nl\/wp-json\/wp\/v2\/pages\/2609\/revisions"}],"predecessor-version":[{"id":3281,"href":"https:\/\/www.lesterrassesdedordogne.com\/nl\/wp-json\/wp\/v2\/pages\/2609\/revisions\/3281"}],"wp:featuredmedia":[{"embeddable":true,"href":"https:\/\/www.lesterrassesdedordogne.com\/nl\/wp-json\/wp\/v2\/media\/1476"}],"wp:attachment":[{"href":"https:\/\/www.lesterrassesdedordogne.com\/nl\/wp-json\/wp\/v2\/media?parent=2609"}],"wp:term":[{"taxonomy":"sujet","embeddable":true,"href":"https:\/\/www.lesterrassesdedordogne.com\/nl\/wp-json\/wp\/v2\/sujet?post=2609"}],"curies":[{"name":"wp","href":"https:\/\/api.w.org\/{rel}","templated":true}]}}